{"id":321,"date":"2022-08-15T12:32:35","date_gmt":"2022-08-15T09:32:35","guid":{"rendered":"http:\/\/glass-nouveau.ro\/?page_id=321"},"modified":"2022-09-16T08:27:35","modified_gmt":"2022-09-16T05:27:35","slug":"articole","status":"publish","type":"page","link":"https:\/\/glass-nouveau.ro\/en\/articole\/","title":{"rendered":"Articles"},"content":{"rendered":"<p><div class=\"fusion-fullwidth fullwidth-box fusion-builder-row-1 fusion-flex-container has-pattern-background has-mask-background nonhundred-percent-fullwidth non-hundred-percent-height-scrolling\" style=\"--awb-border-radius-top-left:0px;--awb-border-radius-top-right:0px;--awb-border-radius-bottom-right:0px;--awb-border-radius-bottom-left:0px;--awb-padding-top:5%;--awb-padding-right:3%;--awb-padding-left:3%;--awb-flex-wrap:wrap;\" ><div class=\"fusion-builder-row fusion-row fusion-flex-align-items-flex-start fusion-flex-content-wrap\" style=\"max-width:1248px;margin-left: calc(-4% \/ 2 );margin-right: calc(-4% \/ 2 );\"><div class=\"fusion-layout-column fusion_builder_column fusion-builder-column-0 fusion_builder_column_1_1 1_1 fusion-flex-column\" style=\"--awb-bg-size:cover;--awb-width-large:100%;--awb-margin-top-large:0px;--awb-spacing-right-large:1.92%;--awb-margin-bottom-large:0px;--awb-spacing-left-large:1.92%;--awb-width-medium:100%;--awb-order-medium:0;--awb-spacing-right-medium:1.92%;--awb-spacing-left-medium:1.92%;--awb-width-small:100%;--awb-order-small:0;--awb-spacing-right-small:1.92%;--awb-spacing-left-small:1.92%;\"><div class=\"fusion-column-wrapper fusion-column-has-shadow fusion-flex-justify-content-flex-start fusion-content-layout-column\"><div class=\"fusion-separator\" style=\"align-self: flex-start;margin-right:auto;width:100%;max-width:10%;\"><div class=\"fusion-separator-border sep-single\" style=\"--awb-height:20px;--awb-amount:20px;border-color:var(--awb-color4);border-top-width:1px;\"><\/div><\/div><\/div><\/div><div class=\"fusion-layout-column fusion_builder_column fusion-builder-column-1 fusion_builder_column_1_1 1_1 fusion-flex-column\" style=\"--awb-bg-size:cover;--awb-width-large:100%;--awb-margin-top-large:0px;--awb-spacing-right-large:1.92%;--awb-margin-bottom-large:0px;--awb-spacing-left-large:1.92%;--awb-width-medium:100%;--awb-order-medium:0;--awb-spacing-right-medium:1.92%;--awb-spacing-left-medium:1.92%;--awb-width-small:100%;--awb-order-small:0;--awb-spacing-right-small:1.92%;--awb-spacing-left-small:1.92%;\"><div class=\"fusion-column-wrapper fusion-column-has-shadow fusion-flex-justify-content-flex-start fusion-content-layout-column\"><div class=\"fusion-title title fusion-title-1 fusion-sep-none fusion-title-text fusion-title-size-one\" style=\"--awb-font-size:35px;\"><h1 class=\"fusion-title-heading title-heading-left\" style=\"margin:0;font-size:1em;text-shadow:5px 5px 10px var(--awb-custom_color_1);\">ARTICOLE<\/h1><\/div><\/div><\/div><\/div><\/div><div class=\"fusion-fullwidth fullwidth-box fusion-builder-row-2 fusion-flex-container has-pattern-background has-mask-background nonhundred-percent-fullwidth non-hundred-percent-height-scrolling\" style=\"--awb-border-radius-top-left:0px;--awb-border-radius-top-right:0px;--awb-border-radius-bottom-right:0px;--awb-border-radius-bottom-left:0px;--awb-padding-top:3%;--awb-flex-wrap:wrap;\" ><div class=\"fusion-builder-row fusion-row fusion-flex-align-items-flex-start fusion-flex-content-wrap\" style=\"max-width:1248px;margin-left: calc(-4% \/ 2 );margin-right: calc(-4% \/ 2 );\"><div class=\"fusion-layout-column fusion_builder_column fusion-builder-column-2 fusion_builder_column_1_1 1_1 fusion-flex-column\" style=\"--awb-bg-size:cover;--awb-width-large:100%;--awb-margin-top-large:0px;--awb-spacing-right-large:1.92%;--awb-margin-bottom-large:0px;--awb-spacing-left-large:1.92%;--awb-width-medium:100%;--awb-order-medium:0;--awb-spacing-right-medium:1.92%;--awb-spacing-left-medium:1.92%;--awb-width-small:100%;--awb-order-small:0;--awb-spacing-right-small:1.92%;--awb-spacing-left-small:1.92%;\"><div class=\"fusion-column-wrapper fusion-column-has-shadow fusion-flex-justify-content-flex-start fusion-content-layout-column\"><div class=\"fusion-blog-shortcode fusion-blog-shortcode-1 fusion-blog-archive fusion-blog-layout-grid-wrapper fusion-blog-no fusion-blog-no-images fusion-blog-layout-center\" style=\"--awb-title-font-size:25px;\"><style type=\"text\/css\">.fusion-blog-shortcode-1 .fusion-blog-layout-grid .fusion-post-grid{padding:22.5px;}.fusion-blog-shortcode-1 .fusion-posts-container{margin-left: -22.5px !important; margin-right:-22.5px !important;}<\/style><div class=\"fusion-posts-container fusion-posts-container-no fusion-blog-layout-grid fusion-blog-layout-grid-3 isotope fusion-blog-equal-heights\" data-pages=\"0\" data-grid-col-space=\"45\" style=\"margin: -22.5px -22.5px 0;min-height:500px;\"><article id=\"blog-1-post-1257\" class=\"fusion-post-grid post-1257 post type-post status-publish format-standard has-post-thumbnail hentry category-articole\">\n<div class=\"fusion-post-wrapper\" style=\"background-color:rgba(255,255,255,0);border:1px solid var(--awb-color2);border-bottom-width:3px;\"><div class=\"fusion-post-content-wrapper\" style=\"padding:30px 25px 25px 25px;\"><div class=\"fusion-post-content post-content\"><h4 class=\"blog-shortcode-post-title entry-title\"><a href=\"https:\/\/glass-nouveau.ro\/en\/articole\/oglinzile-glass-nouveau\/\">Oglinzile Glass Nouveau<\/a><\/h4><p class=\"fusion-single-line-meta\"><span class=\"vcard\" style=\"display: none;\"><span class=\"fn\"><a href=\"https:\/\/glass-nouveau.ro\/en\/author\/admin\/\" title=\"Posts by Cristian Anghelescu\" rel=\"author\">Cristian Anghelescu<\/a><\/span><\/span><span class=\"updated\" style=\"display:none;\">2022-09-08T15:13:19+03:00<\/span><a href=\"https:\/\/glass-nouveau.ro\/en\/category\/articole\/\" rel=\"category tag\">Articole<\/a><span class=\"fusion-inline-sep\">|<\/span><\/p><div class=\"fusion-content-sep sep-double sep-solid\"><\/div><div class=\"fusion-post-content-container\"><p> Oglinzile Glass Nouveau     Cineva, odat\u0103, \u00een timpuri str\u0103vechi, a topit o m\u00e2n\u0103 de nisip, iar rezultatul, sticla, a cucerit omenirea [...]<\/p><\/div><\/div><\/div><div class=\"fusion-clearfix\"><\/div><\/div>\n<\/article>\n<article id=\"blog-1-post-1240\" class=\"fusion-post-grid post-1240 post type-post status-publish format-standard has-post-thumbnail hentry category-articole\">\n<div class=\"fusion-post-wrapper\" style=\"background-color:rgba(255,255,255,0);border:1px solid var(--awb-color2);border-bottom-width:3px;\"><div class=\"fusion-post-content-wrapper\" style=\"padding:30px 25px 25px 25px;\"><div class=\"fusion-post-content post-content\"><h4 class=\"blog-shortcode-post-title entry-title\"><a href=\"https:\/\/glass-nouveau.ro\/en\/articole\/marturisiri-despre-reflexie-si-reflectie\/\">M\u0103rturisiri despre reflexie \u0219i reflec\u021bie<\/a><\/h4><p class=\"fusion-single-line-meta\"><span class=\"vcard\" style=\"display: none;\"><span class=\"fn\"><a href=\"https:\/\/glass-nouveau.ro\/en\/author\/admin\/\" title=\"Posts by Cristian Anghelescu\" rel=\"author\">Cristian Anghelescu<\/a><\/span><\/span><span class=\"updated\" style=\"display:none;\">2026-01-13T20:04:33+03:00<\/span><a href=\"https:\/\/glass-nouveau.ro\/en\/category\/articole\/\" rel=\"category tag\">Articole<\/a><span class=\"fusion-inline-sep\">|<\/span><\/p><div class=\"fusion-content-sep sep-double sep-solid\"><\/div><div class=\"fusion-post-content-container\"><p> M\u0103rturisiri despre reflexie \u0219i reflec\u021bie     Am \u00eenceput s\u0103 decorez oglinzi, \u00eendr\u0103gostit fiind de vitralii. Nu mai eram de mult un [...]<\/p><\/div><\/div><\/div><div class=\"fusion-clearfix\"><\/div><\/div>\n<\/article>\n<article id=\"blog-1-post-1259\" class=\"fusion-post-grid post-1259 post type-post status-publish format-standard has-post-thumbnail hentry category-articole\">\n<div class=\"fusion-post-wrapper\" style=\"background-color:rgba(255,255,255,0);border:1px solid var(--awb-color2);border-bottom-width:3px;\"><div class=\"fusion-post-content-wrapper\" style=\"padding:30px 25px 25px 25px;\"><div class=\"fusion-post-content post-content\"><h4 class=\"blog-shortcode-post-title entry-title\"><a href=\"https:\/\/glass-nouveau.ro\/en\/articole\/despre-mine\/\">Despre Mine<\/a><\/h4><p class=\"fusion-single-line-meta\"><span class=\"vcard\" style=\"display: none;\"><span class=\"fn\"><a href=\"https:\/\/glass-nouveau.ro\/en\/author\/admin\/\" title=\"Posts by Cristian Anghelescu\" rel=\"author\">Cristian Anghelescu<\/a><\/span><\/span><span class=\"updated\" style=\"display:none;\">2022-09-08T15:13:53+03:00<\/span><a href=\"https:\/\/glass-nouveau.ro\/en\/category\/articole\/\" rel=\"category tag\">Articole<\/a><span class=\"fusion-inline-sep\">|<\/span><\/p><div class=\"fusion-content-sep sep-double sep-solid\"><\/div><div class=\"fusion-post-content-container\"><p> Despre Mine     N\u0103scut la Giurgiu \u0219i f\u0103c\u00e2nd \u0219coala \u00een Bucure\u0219ti, de\u0219i am o educa\u021bie tehnic\u0103, am crescut \u00eentr-un mediu permanent [...]<\/p><\/div><\/div><\/div><div class=\"fusion-clearfix\"><\/div><\/div>\n<\/article>\n<div class=\"fusion-clearfix\"><\/div><\/div><\/div><\/div><\/div><\/div><\/div><\/p>\n","protected":false},"excerpt":{"rendered":"","protected":false},"author":1,"featured_media":0,"parent":0,"menu_order":0,"comment_status":"closed","ping_status":"closed","template":"","meta":{"footnotes":""},"class_list":["post-321","page","type-page","status-publish","hentry"],"_links":{"self":[{"href":"https:\/\/glass-nouveau.ro\/en\/wp-json\/wp\/v2\/pages\/321","targetHints":{"allow":["GET"]}}],"collection":[{"href":"https:\/\/glass-nouveau.ro\/en\/wp-json\/wp\/v2\/pages"}],"about":[{"href":"https:\/\/glass-nouveau.ro\/en\/wp-json\/wp\/v2\/types\/page"}],"author":[{"embeddable":true,"href":"https:\/\/glass-nouveau.ro\/en\/wp-json\/wp\/v2\/users\/1"}],"replies":[{"embeddable":true,"href":"https:\/\/glass-nouveau.ro\/en\/wp-json\/wp\/v2\/comments?post=321"}],"version-history":[{"count":14,"href":"https:\/\/glass-nouveau.ro\/en\/wp-json\/wp\/v2\/pages\/321\/revisions"}],"predecessor-version":[{"id":1284,"href":"https:\/\/glass-nouveau.ro\/en\/wp-json\/wp\/v2\/pages\/321\/revisions\/1284"}],"wp:attachment":[{"href":"https:\/\/glass-nouveau.ro\/en\/wp-json\/wp\/v2\/media?parent=321"}],"curies":[{"name":"wp","href":"https:\/\/api.w.org\/{rel}","templated":true}]}}